{"id":712,"date":"2022-07-05T10:44:33","date_gmt":"2022-07-05T10:44:33","guid":{"rendered":"https:\/\/www.wunderraeume.de\/?page_id=712"},"modified":"2026-03-04T20:04:48","modified_gmt":"2026-03-04T20:04:48","slug":"impressum","status":"publish","type":"page","link":"https:\/\/www.wunderraeume.de\/index.php\/impressum\/","title":{"rendered":"Impressum"},"content":{"rendered":"<p>[et_pb_section fb_built=&#8220;1&#8243; admin_label=&#8220;Impressum&#8220; _builder_version=&#8220;4.17.4&#8243; _module_preset=&#8220;default&#8220; background_color=&#8220;#000000&#8243; custom_margin=&#8220;0px||0px||false|false&#8220; custom_padding=&#8220;0px||0px||false|false&#8220; collapsed=&#8220;off&#8220; global_colors_info=&#8220;{}&#8220;][et_pb_row admin_label=&#8220;Nature Text\/Bild&#8220; _builder_version=&#8220;4.17.4&#8243; _module_preset=&#8220;default&#8220; width=&#8220;90%&#8220; width_tablet=&#8220;90%&#8220; width_phone=&#8220;90%&#8220; width_last_edited=&#8220;on|phone&#8220; module_alignment=&#8220;center&#8220; custom_margin=&#8220;50px||||false|false&#8220; custom_padding=&#8220;0px||0px||false|false&#8220; global_colors_info=&#8220;{}&#8220;][et_pb_column type=&#8220;4_4&#8243; _builder_version=&#8220;4.17.4&#8243; _module_preset=&#8220;default&#8220; global_colors_info=&#8220;{}&#8220;][et_pb_text _builder_version=&#8220;4.17.4&#8243; _module_preset=&#8220;c1a2e0cc-a3df-4e0e-b7bc-b49ec951ae05&#8243; custom_margin_tablet=&#8220;&#8220; custom_margin_phone=&#8220;&#8220; custom_margin_last_edited=&#8220;on|phone&#8220; custom_padding=&#8220;45px|||0px|false|false&#8220; text_font_size_phone=&#8220;70px&#8220; global_colors_info=&#8220;{}&#8220;]<\/p>\n<p>Impressum<\/p>\n<p>[\/et_pb_text][et_pb_text _builder_version=&#8220;4.17.4&#8243; _module_preset=&#8220;fb2839f2-670a-45e3-a602-51933a240025&#8243; global_colors_info=&#8220;{}&#8220;]Angaben gem\u00e4\u00df \u00a7 5 TMG:[\/et_pb_text][et_pb_text _builder_version=&#8220;4.17.4&#8243; _module_preset=&#8220;default&#8220; text_font=&#8220;||||||||&#8220; text_font_size=&#8220;16px&#8220; text_orientation=&#8220;justified&#8220; width=&#8220;90%&#8220; width_tablet=&#8220;90%&#8220; width_phone=&#8220;90%&#8220; width_last_edited=&#8220;on|phone&#8220; module_alignment=&#8220;left&#8220; custom_margin=&#8220;0px|||100px|false|false&#8220; custom_padding=&#8220;0px|0px|0px|0px|false|false&#8220; global_colors_info=&#8220;{}&#8220;]<\/p>\n<p>Wunderr\u00e4ume GmbH<\/p>\n<p>Neumarkt 11<\/p>\n<p>09350 Lichtenstein\/Sachsen<\/p>\n<p>Deutschland<\/p>\n<p>Telefon: +49 (0) 37204\/94 19 14<\/p>\n<p>Telefax: +49 (0) 37204\/94 19 13<\/p>\n<p>E-Mail: <a href=\"mailto:info@wunderraeume.de\" target=\"_blank\" rel=\"noopener\">info@wunderraeume.de<\/a><\/p>\n<p>Website: <a href=\"https:\/\/www.wunderraeume.de\/\" target=\"_blank\" rel=\"noopener\">www.wunderr\u00e4ume.de<\/a><\/p>\n<p>Gesellschafter\/Gesch\u00e4ftsf\u00fchrer: Dirk Gr\u00fcnig<br \/>(Anschrift wie oben)<\/p>\n<p>Inhaltlich Verantwortlicher gem\u00e4\u00df \u00a7 55 Abs. 2 RStV: Doreen Leske (Anschrift wie oben)<\/p>\n<p>[\/et_pb_text][et_pb_text _builder_version=&#8220;4.17.4&#8243; _module_preset=&#8220;fb2839f2-670a-45e3-a602-51933a240025&#8243; global_colors_info=&#8220;{}&#8220;]Registereintrag[\/et_pb_text][et_pb_text _builder_version=&#8220;4.17.4&#8243; _module_preset=&#8220;default&#8220; text_font=&#8220;||||||||&#8220; text_font_size=&#8220;16px&#8220; text_orientation=&#8220;justified&#8220; width=&#8220;90%&#8220; width_tablet=&#8220;90%&#8220; width_phone=&#8220;90%&#8220; width_last_edited=&#8220;on|phone&#8220; module_alignment=&#8220;left&#8220; custom_margin=&#8220;0px|||100px|false|false&#8220; custom_padding=&#8220;0px|0px||0px|false|false&#8220; global_colors_info=&#8220;{}&#8220;]Eintragung im Handelsregister.<\/p>\n<p>Registergericht: Amtsgericht Chemnitz<\/p>\n<p>Registernummer: HRB 26175[\/et_pb_text][et_pb_text _builder_version=&#8220;4.17.4&#8243; _module_preset=&#8220;fb2839f2-670a-45e3-a602-51933a240025&#8243; global_colors_info=&#8220;{}&#8220;]Haftungsausschluss[\/et_pb_text][et_pb_text _builder_version=&#8220;4.17.4&#8243; _module_preset=&#8220;default&#8220; text_font=&#8220;||||||||&#8220; text_font_size=&#8220;16px&#8220; text_orientation=&#8220;justified&#8220; width=&#8220;90%&#8220; width_tablet=&#8220;90%&#8220; width_phone=&#8220;90%&#8220; width_last_edited=&#8220;on|phone&#8220; module_alignment=&#8220;left&#8220; custom_margin=&#8220;0px|||100px|false|false&#8220; custom_padding=&#8220;0px|0px|0px|0px|false|false&#8220; global_colors_info=&#8220;{}&#8220;]Inhalte<\/p>\n<p>Wunderr\u00e4ume GmbH \u00fcbernimmt trotz sorgf\u00e4ltiger \u00dcberpr\u00fcfung der Inhalte keine Gew\u00e4hr f\u00fcr die Aktualit\u00e4t, Richtigkeit, Vollst\u00e4ndigkeit oder Qualit\u00e4t der bereitgestellten Informationen. <\/p>\n<p>Haftungsanspr\u00fcche gegen Wunderr\u00e4ume GmbH, die sich auf Sch\u00e4den materieller oder ideeller Art beziehen, welche durch die Nutzung oder Nichtnutzung der dargebotenen Informationen oder durch fehlerhafte und unvollst\u00e4ndige Informationen verursacht wurden, sind grunds\u00e4tzlich ausgeschlossen, sofern seitens Wunderr\u00e4ume GmbH kein nachweislich vors\u00e4tzliches oder grob fahrl\u00e4ssiges Verschulden vorliegt. <\/p>\n<p>Wunderr\u00e4ume GmbH beh\u00e4lt sich ausdr\u00fccklich das Recht vor, Teile der Seite oder das gesamte Angebot ohne vorherige Ank\u00fcndigung zu ver\u00e4ndern, zu erg\u00e4nzen, zu l\u00f6schen oder die Ver\u00f6ffentlichung einzustellen.[\/et_pb_text][et_pb_text _builder_version=&#8220;4.17.4&#8243; _module_preset=&#8220;fb2839f2-670a-45e3-a602-51933a240025&#8243; global_colors_info=&#8220;{}&#8220;]Links[\/et_pb_text][et_pb_text _builder_version=&#8220;4.17.4&#8243; _module_preset=&#8220;default&#8220; text_font=&#8220;||||||||&#8220; text_font_size=&#8220;16px&#8220; text_orientation=&#8220;justified&#8220; width=&#8220;90%&#8220; width_tablet=&#8220;90%&#8220; width_phone=&#8220;90%&#8220; width_last_edited=&#8220;on|phone&#8220; module_alignment=&#8220;left&#8220; custom_margin=&#8220;0px|||100px|false|false&#8220; custom_padding=&#8220;0px|0px|0px|0px|false|false&#8220; global_colors_info=&#8220;{}&#8220;]Sofern Wunderr\u00e4ume GmbH direkt oder indirekt auf fremde Internetseiten verweist (\u201eLinks\u201d), haftet Wunderr\u00e4ume GmbH nur, wenn sie von den Inhalten genaue Kenntnis hat und es ihr technisch m\u00f6glich und zumutbar ist, die Nutzung im Fall rechtswidriger Inhalte zu verhindern. <\/p>\n<p>Wunderr\u00e4ume GmbH erkl\u00e4rt hiermit ausdr\u00fccklich, dass zum Zeitpunkt der Linksetzung die verlinkten Seiten keine illegalen Inhalte enthalten haben. <\/p>\n<p>Wunderr\u00e4ume GmbH hat keinerlei Einfluss auf die aktuelle und zuk\u00fcnftige Gestaltung der verlinkten Seiten. Wunderr\u00e4ume GmbH distanziert sich daher hiermit ausdr\u00fccklich von allen inhaltlichen \u00c4nderungen, die nach der Linkssetzung auf den verlinkten Seiten vorgenommen werden. <\/p>\n<p>Wunderr\u00e4ume GmbH ist nicht verantwortlich f\u00fcr den Inhalt, die Verf\u00fcgbarkeit, die Richtigkeit und die Genauigkeit der verlinkten Seiten, deren Angebote, Links oder Werbeanzeigen. <\/p>\n<p>Wunderr\u00e4ume GmbH haftet nicht f\u00fcr illegale, fehlerhafte oder unvollst\u00e4ndige Inhalte und insbesondere nicht f\u00fcr Sch\u00e4den, die durch Nutzung oder Nichtnutzung der auf den verlinkten Seiten angebotenen Informationen entstehen.[\/et_pb_text][et_pb_text _builder_version=&#8220;4.17.4&#8243; _module_preset=&#8220;fb2839f2-670a-45e3-a602-51933a240025&#8243; global_colors_info=&#8220;{}&#8220;]Datenschutz[\/et_pb_text][et_pb_text _builder_version=&#8220;4.17.4&#8243; _module_preset=&#8220;default&#8220; text_font=&#8220;||||||||&#8220; text_font_size=&#8220;16px&#8220; text_orientation=&#8220;justified&#8220; width=&#8220;90%&#8220; width_tablet=&#8220;90%&#8220; width_phone=&#8220;90%&#8220; width_last_edited=&#8220;on|phone&#8220; module_alignment=&#8220;left&#8220; custom_margin=&#8220;0px|||100px|false|false&#8220; custom_padding=&#8220;0px|0px|0px|0px|false|false&#8220; global_colors_info=&#8220;{}&#8220;]Bei Formularen (Kontakt, Newsletter, Merkzettel) k\u00f6nnen Sie pers\u00f6nliche und gesch\u00e4ftliche Daten (E-Mail-Adressen, Namen, Anschriften) eingeben. Die Nutzung der angebotenen Serviceleistungen und Dienste seitens des Nutzers erfolgt ausdr\u00fccklich auf freiwilliger Basis.<\/p>\n<p>Wenn Sie Nachrichten \u00fcber die Kontaktformulare an Wunderr\u00e4ume GmbH \u00fcbermitteln, werden die Daten zur Erf\u00fcllung unserer Aufgaben gespeichert und verarbeitet. Es gelten dann die allgemeinen Regelungen f\u00fcr die Datenerhebung und \u2013verarbeitung im Gesch\u00e4ftsverkehr.<\/p>\n<p>Wunderr\u00e4ume GmbH weist darauf hin, dass die Daten\u00fcbertragung im Internet (z.B. bei der Kommunikation per E-Mail) Sicherheitsl\u00fccken aufweisen kann. Ein l\u00fcckenloser Schutz der Daten vor dem Zugriff durch Dritte ist nicht m\u00f6glich.<\/p>\n<p>Im Informationsangebot von Wunderr\u00e4ume GmbH k\u00f6nnen Cookies oder JAVA-Applets verwendet werden. Die Verwendung dieser Funktionalit\u00e4ten kann durch Einstellungen des Browserprogramms vom jeweiligen Nutzer ausgeschaltet werden.<br \/>\nAuskunft, Berichtigung, Sperrung und L\u00f6schung Ihrer Daten:<\/p>\n<p>Sie haben im Rahmen des Bundesdatenschutzgesetzes ein Recht auf Auskunft sowie ein Recht auf Berichtigung, Sperrung und L\u00f6schung Ihrer gespeicherten Daten.<\/p>\n<p>Der Nutzung von im Rahmen der Impressumspflicht ver\u00f6ffentlichten Kontaktdaten durch Dritte zur \u00dcbersendung von nicht ausdr\u00fccklich angeforderter Werbung und Informationsmaterialien wird hiermit ausdr\u00fccklich widersprochen. Die Betreiber der Seiten behalten sich ausdr\u00fccklich rechtliche Schritte im Falle der unverlangten Zusendung von Werbeinformationen, etwa durch Spam-Mails, vor.<\/p>\n<p>Diese Website benutzt Google\u2122 Analytics, einen Webanalysedienst der Google Inc. (\u201cGoogle\u201d). Google Analytics verwendet sog. \u201cCookies\u201d, Textdateien, die auf Ihrem Computer gespeichert werden und die eine Analyse der Benutzung der Website durch Sie erm\u00f6glichen. Die durch den Cookie erzeugten Informationen \u00fcber Ihre Benutzung dieser Website (einschlie\u00dflich Ihrer IP-Adresse) wird an einen Server von Google in den USA \u00fcbertragen und dort gespeichert. Google wird diese Informationen benutzen, um Ihre Nutzung der Website auszuwerten, um Reports \u00fcber die Websiteaktivit\u00e4ten f\u00fcr die Websitebetreiber zusammenzustellen und um weitere mit der Websitenutzung und der Internetnutzung verbundene Dienstleistungen zu erbringen. Auch wird Google diese Informationen gegebenenfalls an Dritte \u00fcbertragen, sofern dies gesetzlich vorgeschrieben oder soweit Dritte diese Daten im Auftrag von Google verarbeiten. Google wird in keinem Fall Ihre IP-Adresse mit anderen Daten von Google in Verbindung bringen. Sie k\u00f6nnen die Installation der Cookies durch eine entsprechende Einstellung Ihrer Browser Software verhindern; wir weisen Sie jedoch darauf hin, dass Sie in diesem Fall gegebenenfalls nicht s\u00e4mtliche Funktionen dieser Website vollumf\u00e4nglich nutzen k\u00f6nnen. Durch die Nutzung dieser Website erkl\u00e4ren Sie sich mit der Bearbeitung der \u00fcber Sie erhobenen Daten durch Google in der zuvor beschriebenen Art und Weise und zu dem zuvor benannten Zweck einverstanden. Das Deaktivierungs-Add-on f\u00fcr Browser von Google Analytics gibt dem Website-Besucher mehr Kontrolle dar\u00fcber, welche Daten zu aufgerufenen Websites von Google Analytics erfasst werden. Sollten Sie keine Speicherung Ihrer Daten w\u00fcnschen, installieren Sie sich bitte das von Google bereitgestellte De-Aktivierungswerkzeug unter http:\/\/tools.google.com\/dlpage\/gaoptout?hl=de.[\/et_pb_text][et_pb_text _builder_version=&#8220;4.17.4&#8243; _module_preset=&#8220;fb2839f2-670a-45e3-a602-51933a240025&#8243; global_colors_info=&#8220;{}&#8220;]Rechtswirksamkeit[\/et_pb_text][et_pb_text _builder_version=&#8220;4.17.4&#8243; _module_preset=&#8220;default&#8220; text_font=&#8220;||||||||&#8220; text_font_size=&#8220;16px&#8220; text_orientation=&#8220;justified&#8220; width=&#8220;90%&#8220; width_tablet=&#8220;90%&#8220; width_phone=&#8220;90%&#8220; width_last_edited=&#8220;on|phone&#8220; module_alignment=&#8220;left&#8220; custom_margin=&#8220;0px|||100px|false|false&#8220; custom_padding=&#8220;0px|0px|0px|0px|false|false&#8220; global_colors_info=&#8220;{}&#8220;]<\/p>\n<p>Dieser Haftungsausschluss ist als Teil des Internetangebots zu betrachten, von dem aus auf diese Seite verwiesen wurde. Sofern Teile oder einzelne Formulierungen dieses Textes der geltenden Rechtslage nicht, nicht mehr oder nicht vollst\u00e4ndig entsprechen sollten, bleiben die \u00fcbrigen Teile des Dokuments in ihrem Inhalt und ihrer G\u00fcltigkeit hiervon unber\u00fchrt.<\/p>\n<p>[\/et_pb_text][\/et_pb_column][\/et_pb_row][\/et_pb_section][et_pb_section fb_built=&#8220;1&#8243; fullwidth=&#8220;on&#8220; admin_label=&#8220;Schwarzer Hintergrund vor Footer&#8220; _builder_version=&#8220;4.17.4&#8243; _module_preset=&#8220;default&#8220; background_color=&#8220;#000000&#8243; min_height=&#8220;300px&#8220; global_colors_info=&#8220;{}&#8220;][\/et_pb_section]<\/p>\n","protected":false},"excerpt":{"rendered":"<p>ImpressumAngaben gem\u00e4\u00df \u00a7 5 TMG:Wunderr\u00e4ume GmbH Neumarkt 11 09350 Lichtenstein\/Sachsen Deutschland Telefon: +49 (0) 37204\/94 19 14 Telefax: +49 (0) 37204\/94 19 13 E-Mail: info@wunderraeume.de Website: www.wunderr\u00e4ume.de Gesellschafter\/Gesch\u00e4ftsf\u00fchrer: Dirk Gr\u00fcnig(Anschrift wie oben) Inhaltlich Verantwortlicher gem\u00e4\u00df \u00a7 55 Abs. 2 RStV: Doreen Leske (Anschrift wie oben)RegistereintragEintragung im Handelsregister. Registergericht: Amtsgericht Chemnitz Registernummer: HRB 26175HaftungsausschlussInhalte Wunderr\u00e4ume GmbH [&hellip;]<\/p>\n","protected":false},"author":1,"featured_media":0,"parent":0,"menu_order":0,"comment_status":"closed","ping_status":"closed","template":"","meta":{"_et_pb_use_builder":"on","_et_pb_old_content":"","_et_gb_content_width":""},"yoast_head":"<!-- This site is optimized with the Yoast SEO plugin v19.7.1 - https:\/\/yoast.com\/wordpress\/plugins\/seo\/ -->\n<title>Impressum - Wunderr\u00e4ume<\/title>\n<meta name=\"robots\" content=\"index, follow, max-snippet:-1, max-image-preview:large, max-video-preview:-1\" \/>\n<link rel=\"canonical\" href=\"https:\/\/www.wunderraeume.de\/index.php\/impressum\/\" \/>\n<meta property=\"og:locale\" content=\"de_DE\" \/>\n<meta property=\"og:type\" content=\"article\" \/>\n<meta property=\"og:title\" content=\"Impressum - Wunderr\u00e4ume\" \/>\n<meta property=\"og:description\" content=\"ImpressumAngaben gem\u00e4\u00df \u00a7 5 TMG:Wunderr\u00e4ume GmbH Neumarkt 11 09350 Lichtenstein\/Sachsen Deutschland Telefon: +49 (0) 37204\/94 19 14 Telefax: +49 (0) 37204\/94 19 13 E-Mail: info@wunderraeume.de Website: www.wunderr\u00e4ume.de Gesellschafter\/Gesch\u00e4ftsf\u00fchrer: Dirk Gr\u00fcnig(Anschrift wie oben) Inhaltlich Verantwortlicher gem\u00e4\u00df \u00a7 55 Abs. 2 RStV: Doreen Leske (Anschrift wie oben)RegistereintragEintragung im Handelsregister. Registergericht: Amtsgericht Chemnitz Registernummer: HRB 26175HaftungsausschlussInhalte Wunderr\u00e4ume GmbH [&hellip;]\" \/>\n<meta property=\"og:url\" content=\"https:\/\/www.wunderraeume.de\/index.php\/impressum\/\" \/>\n<meta property=\"og:site_name\" content=\"Wunderr\u00e4ume\" \/>\n<meta property=\"article:modified_time\" content=\"2026-03-04T20:04:48+00:00\" \/>\n<meta name=\"twitter:card\" content=\"summary_large_image\" \/>\n<meta name=\"twitter:label1\" content=\"Gesch\u00e4tzte Lesezeit\" \/>\n\t<meta name=\"twitter:data1\" content=\"6\u00a0Minuten\" \/>\n<script type=\"application\/ld+json\" class=\"yoast-schema-graph\">{\"@context\":\"https:\/\/schema.org\",\"@graph\":[{\"@type\":\"WebPage\",\"@id\":\"https:\/\/www.wunderraeume.de\/index.php\/impressum\/\",\"url\":\"https:\/\/www.wunderraeume.de\/index.php\/impressum\/\",\"name\":\"Impressum - Wunderr\u00e4ume\",\"isPartOf\":{\"@id\":\"https:\/\/www.wunderraeume.de\/#website\"},\"datePublished\":\"2022-07-05T10:44:33+00:00\",\"dateModified\":\"2026-03-04T20:04:48+00:00\",\"breadcrumb\":{\"@id\":\"https:\/\/www.wunderraeume.de\/index.php\/impressum\/#breadcrumb\"},\"inLanguage\":\"de\",\"potentialAction\":[{\"@type\":\"ReadAction\",\"target\":[\"https:\/\/www.wunderraeume.de\/index.php\/impressum\/\"]}]},{\"@type\":\"BreadcrumbList\",\"@id\":\"https:\/\/www.wunderraeume.de\/index.php\/impressum\/#breadcrumb\",\"itemListElement\":[{\"@type\":\"ListItem\",\"position\":1,\"name\":\"Startseite\",\"item\":\"https:\/\/www.wunderraeume.de\/\"},{\"@type\":\"ListItem\",\"position\":2,\"name\":\"Impressum\"}]},{\"@type\":\"WebSite\",\"@id\":\"https:\/\/www.wunderraeume.de\/#website\",\"url\":\"https:\/\/www.wunderraeume.de\/\",\"name\":\"Wunderr\u00e4ume\",\"description\":\"Kreation innovativer Themenwelten &amp; Erlebnisformate.\",\"publisher\":{\"@id\":\"https:\/\/www.wunderraeume.de\/#organization\"},\"potentialAction\":[{\"@type\":\"SearchAction\",\"target\":{\"@type\":\"EntryPoint\",\"urlTemplate\":\"https:\/\/www.wunderraeume.de\/?s={search_term_string}\"},\"query-input\":\"required name=search_term_string\"}],\"inLanguage\":\"de\"},{\"@type\":\"Organization\",\"@id\":\"https:\/\/www.wunderraeume.de\/#organization\",\"name\":\"Wunderr\u00e4ume GmbH\",\"url\":\"https:\/\/www.wunderraeume.de\/\",\"sameAs\":[],\"logo\":{\"@type\":\"ImageObject\",\"inLanguage\":\"de\",\"@id\":\"https:\/\/www.wunderraeume.de\/#\/schema\/logo\/image\/\",\"url\":\"https:\/\/www.wunderraeume.de\/wp-content\/uploads\/2022\/07\/Logo-Wunderraeume_Gruen_RGB-Kopie-4.png\",\"contentUrl\":\"https:\/\/www.wunderraeume.de\/wp-content\/uploads\/2022\/07\/Logo-Wunderraeume_Gruen_RGB-Kopie-4.png\",\"width\":2663,\"height\":328,\"caption\":\"Wunderr\u00e4ume GmbH\"},\"image\":{\"@id\":\"https:\/\/www.wunderraeume.de\/#\/schema\/logo\/image\/\"}}]}<\/script>\n<!-- \/ Yoast SEO plugin. -->","yoast_head_json":{"title":"Impressum - Wunderr\u00e4ume","robots":{"index":"index","follow":"follow","max-snippet":"max-snippet:-1","max-image-preview":"max-image-preview:large","max-video-preview":"max-video-preview:-1"},"canonical":"https:\/\/www.wunderraeume.de\/index.php\/impressum\/","og_locale":"de_DE","og_type":"article","og_title":"Impressum - Wunderr\u00e4ume","og_description":"ImpressumAngaben gem\u00e4\u00df \u00a7 5 TMG:Wunderr\u00e4ume GmbH Neumarkt 11 09350 Lichtenstein\/Sachsen Deutschland Telefon: +49 (0) 37204\/94 19 14 Telefax: +49 (0) 37204\/94 19 13 E-Mail: info@wunderraeume.de Website: www.wunderr\u00e4ume.de Gesellschafter\/Gesch\u00e4ftsf\u00fchrer: Dirk Gr\u00fcnig(Anschrift wie oben) Inhaltlich Verantwortlicher gem\u00e4\u00df \u00a7 55 Abs. 2 RStV: Doreen Leske (Anschrift wie oben)RegistereintragEintragung im Handelsregister. Registergericht: Amtsgericht Chemnitz Registernummer: HRB 26175HaftungsausschlussInhalte Wunderr\u00e4ume GmbH [&hellip;]","og_url":"https:\/\/www.wunderraeume.de\/index.php\/impressum\/","og_site_name":"Wunderr\u00e4ume","article_modified_time":"2026-03-04T20:04:48+00:00","twitter_card":"summary_large_image","twitter_misc":{"Gesch\u00e4tzte Lesezeit":"6\u00a0Minuten"},"schema":{"@context":"https:\/\/schema.org","@graph":[{"@type":"WebPage","@id":"https:\/\/www.wunderraeume.de\/index.php\/impressum\/","url":"https:\/\/www.wunderraeume.de\/index.php\/impressum\/","name":"Impressum - Wunderr\u00e4ume","isPartOf":{"@id":"https:\/\/www.wunderraeume.de\/#website"},"datePublished":"2022-07-05T10:44:33+00:00","dateModified":"2026-03-04T20:04:48+00:00","breadcrumb":{"@id":"https:\/\/www.wunderraeume.de\/index.php\/impressum\/#breadcrumb"},"inLanguage":"de","potentialAction":[{"@type":"ReadAction","target":["https:\/\/www.wunderraeume.de\/index.php\/impressum\/"]}]},{"@type":"BreadcrumbList","@id":"https:\/\/www.wunderraeume.de\/index.php\/impressum\/#breadcrumb","itemListElement":[{"@type":"ListItem","position":1,"name":"Startseite","item":"https:\/\/www.wunderraeume.de\/"},{"@type":"ListItem","position":2,"name":"Impressum"}]},{"@type":"WebSite","@id":"https:\/\/www.wunderraeume.de\/#website","url":"https:\/\/www.wunderraeume.de\/","name":"Wunderr\u00e4ume","description":"Kreation innovativer Themenwelten &amp; Erlebnisformate.","publisher":{"@id":"https:\/\/www.wunderraeume.de\/#organization"},"potentialAction":[{"@type":"SearchAction","target":{"@type":"EntryPoint","urlTemplate":"https:\/\/www.wunderraeume.de\/?s={search_term_string}"},"query-input":"required name=search_term_string"}],"inLanguage":"de"},{"@type":"Organization","@id":"https:\/\/www.wunderraeume.de\/#organization","name":"Wunderr\u00e4ume GmbH","url":"https:\/\/www.wunderraeume.de\/","sameAs":[],"logo":{"@type":"ImageObject","inLanguage":"de","@id":"https:\/\/www.wunderraeume.de\/#\/schema\/logo\/image\/","url":"https:\/\/www.wunderraeume.de\/wp-content\/uploads\/2022\/07\/Logo-Wunderraeume_Gruen_RGB-Kopie-4.png","contentUrl":"https:\/\/www.wunderraeume.de\/wp-content\/uploads\/2022\/07\/Logo-Wunderraeume_Gruen_RGB-Kopie-4.png","width":2663,"height":328,"caption":"Wunderr\u00e4ume GmbH"},"image":{"@id":"https:\/\/www.wunderraeume.de\/#\/schema\/logo\/image\/"}}]}},"_links":{"self":[{"href":"https:\/\/www.wunderraeume.de\/index.php\/wp-json\/wp\/v2\/pages\/712"}],"collection":[{"href":"https:\/\/www.wunderraeume.de\/index.php\/wp-json\/wp\/v2\/pages"}],"about":[{"href":"https:\/\/www.wunderraeume.de\/index.php\/wp-json\/wp\/v2\/types\/page"}],"author":[{"embeddable":true,"href":"https:\/\/www.wunderraeume.de\/index.php\/wp-json\/wp\/v2\/users\/1"}],"replies":[{"embeddable":true,"href":"https:\/\/www.wunderraeume.de\/index.php\/wp-json\/wp\/v2\/comments?post=712"}],"version-history":[{"count":17,"href":"https:\/\/www.wunderraeume.de\/index.php\/wp-json\/wp\/v2\/pages\/712\/revisions"}],"predecessor-version":[{"id":3669,"href":"https:\/\/www.wunderraeume.de\/index.php\/wp-json\/wp\/v2\/pages\/712\/revisions\/3669"}],"wp:attachment":[{"href":"https:\/\/www.wunderraeume.de\/index.php\/wp-json\/wp\/v2\/media?parent=712"}],"curies":[{"name":"wp","href":"https:\/\/api.w.org\/{rel}","templated":true}]}}