{"id":788,"date":"2022-07-05T13:00:40","date_gmt":"2022-07-05T13:00:40","guid":{"rendered":"https:\/\/www.wunderraeume.de\/?page_id=788"},"modified":"2026-03-05T15:29:11","modified_gmt":"2026-03-05T15:29:11","slug":"mietshop-mietkatalog-fuer-nachhaltige-business-events-veranstaltungsdekoration-buehnendesign-kulissen-themenwelten-mieten","status":"publish","type":"page","link":"https:\/\/www.wunderraeume.de\/index.php\/mietshop-mietkatalog-fuer-nachhaltige-business-events-veranstaltungsdekoration-buehnendesign-kulissen-themenwelten-mieten\/","title":{"rendered":"Mietshop"},"content":{"rendered":"<p>[et_pb_section fb_built=&#8220;1&#8243; fullwidth=&#8220;on&#8220; _builder_version=&#8220;4.17.4&#8243; _module_preset=&#8220;default&#8220; background_color=&#8220;#FFFFFF&#8220; max_width=&#8220;1920px&#8220; module_alignment=&#8220;center&#8220; custom_margin=&#8220;|0px||0px|false|false&#8220; custom_padding=&#8220;|0px||0px|false|false&#8220; global_colors_info=&#8220;{}&#8220;][et_pb_fullwidth_code module_class=&#8220;#iframemietshop &#8220; _builder_version=&#8220;4.17.4&#8243; _module_preset=&#8220;default&#8220; background_color=&#8220;RGBA(255,255,255,0)&#8220; max_width_tablet=&#8220;&#8220; max_width_phone=&#8220;100%&#8220; max_width_last_edited=&#8220;on|phone&#8220; module_alignment=&#8220;center&#8220; global_colors_info=&#8220;{}&#8220;]<iframe id=\"iframemietshop\" src=\"https:\/\/mietshop.wunderraeume.de\/index.php\" scrolling=\"no\" seamless=\"seamless\" onload=\"scroll(0,0)\" frameborder=\"0\"><\/iframe><!-- [et_pb_line_break_holder] -->[\/et_pb_fullwidth_code][\/et_pb_section][et_pb_section fb_built=&#8220;1&#8243; _builder_version=&#8220;4.17.4&#8243; _module_preset=&#8220;default&#8220; background_color=&#8220;RGBA(255,255,255,0)&#8220; global_colors_info=&#8220;{}&#8220;][et_pb_row column_structure=&#8220;1_2,1_2&#8243; use_custom_gutter=&#8220;on&#8220; gutter_width=&#8220;1&#8243; _builder_version=&#8220;4.17.4&#8243; _module_preset=&#8220;default&#8220; width=&#8220;100%&#8220; max_width=&#8220;2560px&#8220; module_alignment=&#8220;center&#8220; custom_margin=&#8220;|0px||0px|false|false&#8220; global_colors_info=&#8220;{}&#8220;][et_pb_column type=&#8220;1_2&#8243; _builder_version=&#8220;4.17.4&#8243; _module_preset=&#8220;default&#8220; background_image=&#8220;https:\/\/www.wunderraeume.de\/wp-content\/uploads\/2022\/06\/Mietkatalog-2.jpg&#8220; global_colors_info=&#8220;{}&#8220;][et_pb_image src=&#8220;https:\/\/www.wunderraeume.de\/wp-content\/uploads\/2022\/06\/Mietkatalog-2.jpg&#8220; title_text=&#8220;Mietkatalog 2&#8243; _builder_version=&#8220;4.17.4&#8243; _module_preset=&#8220;default&#8220; z_index=&#8220;1000&#8243; global_colors_info=&#8220;{}&#8220;][\/et_pb_image][\/et_pb_column][et_pb_column type=&#8220;1_2&#8243; _builder_version=&#8220;4.17.4&#8243; _module_preset=&#8220;default&#8220; global_colors_info=&#8220;{}&#8220;][et_pb_image src=&#8220;https:\/\/www.wunderraeume.de\/wp-content\/uploads\/2022\/06\/Mietkatalog-1.jpg&#8220; title_text=&#8220;Mietkatalog 1&#8243; _builder_version=&#8220;4.17.4&#8243; _module_preset=&#8220;default&#8220; global_colors_info=&#8220;{}&#8220;][\/et_pb_image][\/et_pb_column][\/et_pb_row][et_pb_row _builder_version=&#8220;4.17.4&#8243; _module_preset=&#8220;default&#8220; global_colors_info=&#8220;{}&#8220;][et_pb_column type=&#8220;4_4&#8243; _builder_version=&#8220;4.17.4&#8243; _module_preset=&#8220;default&#8220; global_colors_info=&#8220;{}&#8220;][et_pb_text _builder_version=&#8220;4.17.4&#8243; _module_preset=&#8220;default&#8220; global_colors_info=&#8220;{}&#8220;]<\/p>\n<h1><span style=\"color: #ffffff;\">Ihr B2B-Partner im Bereich Business-Event, Messe, Gala-Veranstaltung, Film &amp; Fernsehen f\u00fcr Design, Dekoration &amp; Ausstattung.<\/span><\/h1>\n<p>[\/et_pb_text][et_pb_text _builder_version=&#8220;4.17.4&#8243; _module_preset=&#8220;default&#8220; global_colors_info=&#8220;{}&#8220;]<\/p>\n<h2><span style=\"color: #ffffff;\">Hochwertige, filmreife Eventkulissen (gr\u00f6\u00dftenteils aus eigener Herstellung, daher einzigartig), M\u00f6bel\/ Mobiliar, Lichtobjekte oder komplette Themenwelten lassen Ihre Veranstaltung einzigartig werden. Einfach mieten &amp; sparen statt produzieren lassen.<\/span><\/h2>\n<p>[\/et_pb_text][et_pb_text _builder_version=&#8220;4.17.4&#8243; _module_preset=&#8220;default&#8220; global_colors_info=&#8220;{}&#8220;]<\/p>\n<div>Themendekoration\/ Eventdekoration\/ B\u00fchnenkulissen oder komplette Themenwelten\/ Erlebniswelten mieten zu: 1001 Nacht\/ Orient\/ Arabian Nights\/ Tausendundeinenacht\/ orientalische Dekoration mieten + Orientdeko leihen mit 80 Pavillons\/ Kuppelzelte\/ Zelte\/ T\u00fcrmchen\/ Sultanspalast\/ Laternen\/ Teppiche\/ Orientm\u00f6bel\/ Orientalisches Mobiliar wie Kissen\/ Sitzkissen\/ Sofas\/ Hocker, Palmen, Fotopoints Orient; Dschungel\/ Urban Jungle, Airport\/ Flughafen\/ Take-off, Alice im Wunderland\/ Wonderland, Glamour, H\u00fcttenzauber, Industrial Style\/ Stahlobjekte, Jahreszeiten Fr\u00fchling\/ Sommer\/ Herbst\/ Winter, Jahrzehnte, Kinder, Kino\/ Film, L\u00e4nder &amp; Kontinente wie Arktis\/ Nordpol\/ Gr\u00f6nland, Asien\/ Asia\/ Japan\/ China, Afrika, Europa\/ Nordeuropa\/ Skandinavien\/ Schweden\/ S\u00fcdeuropa\/ Italien\/ Frankreich\/ Spanien\/ Mitteleuropa, S\u00fcdamerika, Maritimes\/ Hafen\/ Unterwasserwelt, M\u00e4rchen &amp; Fantasy, Mobilit\u00e4t, Nostalgie, Parkinszenierung, Weihnachten\/ Winterzauber\/ Winterwunderland\/ Winterwonderland, Weinfest, gro\u00dfe Pilze\/ riesige Pilze\/ Riesenpilze\/ XXL-Pilze, Riesenblumen\/ gro\u00dfe Blumen\/ XXL Blumen, verschiedene gro\u00dfe Drachen XXL, Buddha XXL (\u00fcberlebensgro\u00df, riesig), Skulpturen, Gro\u00dfplastiken, Gro\u00dffiguren, Tierfiguren Eisb\u00e4r, Polarfuchs\/ Schneefuchs, Polarwolf\/ Schneewolf\/ wei\u00dfer Wolf, Eule\/ Schneeeule, Elefant ,Tiger, L\u00f6we, Affe, Gorilla, Schimpanse, Giraffe, Nashorn, Krokodil, aufblasbare Quallen XXL, Schiffe, Stehtisch Boote, Leinwand Bullauge, Kirschb\u00e4ume XXL\/ Kirschbaum XXL rosa wei\u00df\/ Kirschbl\u00fctenbaum, Zaun\/ Gartenzaun wei\u00df\/ Zaunelemente, Holzst\u00fchle alt, Filmkamera Original, Filmplakate, Rikscha, Eisrikscha, Pferdeschlitten, Stra\u00dfenlaternen, lebensgro\u00dfe M\u00e4rchenfiguren XXL, M\u00e4rchenplastiken, Gebr\u00fcder Grimm, Grimms M\u00e4rchen, moderne M\u00e4rchenfiguren aus internationalen M\u00e4rchen mieten; Lichtobjekte\/ Fernsehturm\/ Siegess\u00e4ule\/ Funkturm Berlin vollplastisch 3D Lichtdesign XXL, Fotokulisse, Filmkulisse, Zirkuswagen, Verkaufsr\u00e4der u.v.m.<\/div>\n<div>Gr\u00f6\u00dfter deutscher Winter-, Weihnachts- und M\u00e4rchenfundus f\u00fcr Dekorationen und Erlebniswelten. Das XXL-Dekopaket: begehbare Kulissen, Lichtinstallationen, vollplastische lebensgro\u00dfe Figuren, XXL-Plastiken, Skulpturen &amp; Dekoration, Verkaufsst\u00e4nde, Ausstattungen f\u00fcr Weihnachtsm\u00e4rkte, Pferdeschlitten, Stra\u00dfenlaternen bis hin zur Komplettausstattung.<br \/>Mieten statt kaufen oder produzieren lassen: f\u00fcr nachhaltige Corporate Events; Galas &amp; Messeveranstaltungen\/ Green Meetings\/ klimaneutrale Veranstaltungen. Unsere Kunden: Eventagenturen, Markenagenturen, MICE-Agenturen, Hotels, Messen &amp; Eventlocations, Firmenkunden.<\/div>\n<div>Verleih\/ Vermietung\/ Onlineshop\/ Mietshop\/ Mietfundus\/ Mietkatalog mit professionellem Komplettservice inkl. Aufbau\/ Abbau\/ Transport.<\/div>\n<p>[\/et_pb_text][et_pb_text _builder_version=&#8220;4.17.4&#8243; _module_preset=&#8220;default&#8220; hover_enabled=&#8220;0&#8243; global_colors_info=&#8220;{}&#8220; sticky_enabled=&#8220;0&#8243;]<\/p>\n<h3><span style=\"color: #ffffff;\">F\u00fcr mehr Inspirationen und Videos zu unseren Designs &amp; Editionen nutzen Sie bitte diesen Link : <strong><a style=\"color: #ffffff;\" href=\"https:\/\/www.wunderraeume.de\/index.php\/eventwelten\/\">EVENTR\u00c4UME<\/a><\/strong>.<\/span><\/h3>\n<p>[\/et_pb_text][et_pb_text _builder_version=&#8220;4.17.4&#8243; _module_preset=&#8220;default&#8220; hover_enabled=&#8220;0&#8243; global_colors_info=&#8220;{}&#8220; sticky_enabled=&#8220;0&#8243;]<\/p>\n<h3><span style=\"color: #ffffff;\">Sie suchen nach mobilen Themenwelt-Editionen, die ohne viel Konzeptionsarbeit und modular f\u00fcr Sie bereitstehen? Nutzen Sie gern den Direktlink: <strong><a href=\"https:\/\/www.wunderraeume.de\/index.php\/themenwelten\/\" style=\"color: #ffffff;\">THEMENWELTEN<\/a><\/strong>.<\/span><\/h3>\n<p>[\/et_pb_text][\/et_pb_column][\/et_pb_row][\/et_pb_section]<\/p>\n","protected":false},"excerpt":{"rendered":"<p>Ihr B2B-Partner im Bereich Business-Event, Messe, Gala-Veranstaltung, Film &#038; Fernsehen f\u00fcr Design, Dekoration &#038; Ausstattung. Hochwertige, filmreife Eventkulissen (gr\u00f6\u00dftenteils aus eigener Herstellung, daher einzigartig), M\u00f6bel\/ Mobiliar, Lichtobjekte oder komplette Themenwelten lassen Ihre Veranstaltung einzigartig werden. Einfach mieten &#038; sparen statt produzieren lassen.<br \/>\nThemendekoration\/ Eventdekoration\/ B\u00fchnenkulissen oder komplette Themenwelten mieten zu: 1001 Nacht\/ Orient\/ Arabian Nights\/ Tausendundeinenacht, Dschungel\/ Jungle, Airport\/ Flughafen\/ Take-off, Alice im Wunderland, Glamour, H\u00fcttenzauber, Industrial Style\/ Stahlobjekte, Jahreszeiten Fr\u00fchling\/ Sommer\/ Herbst\/ Winter, Jahrzehnte, Kinder, Kino\/ Film, L\u00e4nder &#038; Kontinente wie Arktis\/ Nordpol\/ Gr\u00f6nland, Asien\/ Asia\/ Japan\/ China, Afrika, Europa\/ Nordeuropa\/ Skandinavien\/ Schweden\/ S\u00fcdeuropa\/ Italien\/ Frankreich\/ Spanien\/ Mitteleuropa, S\u00fcdamerika, Maritimes\/ Hafen\/ Unterwasserwelt, M\u00e4rchen &#038; Fantasy, Mobilit\u00e4t, Nostalgie, Parkinszenierung, Weihnachten\/ Winterzauber\/ Winterwunderland\/ Winterwonderland, Weinfest, gro\u00dfe Pilze\/ Riesenpilze\/ XXL-Pilze, Riesenblumen\/ gro\u00dfe Blumen\/ XXL Blumen, Drachen XXL, Buddha XXL, Skulpturen, Gro\u00dfplastiken, Gro\u00dffiguren, Tierfiguren Eisb\u00e4r, Polarfuchs\/ Schneefuchs, Polarwolf\/ Schneewolf\/ wei\u00dfer Wolf, Eule\/ Schneeeule, Elefant ,Tiger, L\u00f6we, Affe, Gorilla, Schimpanse, Giraffe, Nashorn, Krokodil, aufblasbare Quallen XXL, Schiffe, Stehtisch Boote, Leinwand Bullauge, Kirschb\u00e4ume XXL\/ Kirschbaum XXL rosa wei\u00df\/ Kirschbl\u00fctenbaum, Zaun\/ Gartenzaun wei\u00df\/ Zaunelemente, Orientm\u00f6bel\/ Orientmobiliar\/ Sitzkissen Sitzhocker Orient\/ Orientteppiche, Holzst\u00fchle alt, Filmkamera Original, Filmplakate, Rikscha, Eisrikscha, Pferdeschlitten, Stra\u00dfenlaternen, lebensgro\u00dfe M\u00e4rchenfiguren XXL, M\u00e4rchenplastiken, Grimms M\u00e4rchen, Lichtobjekte\/ Fernsehturm\/ Siegess\u00e4ule\/ Funkturm Berlin vollplastisch 3D Lichtdesign XXL, Orientpavillons, Sultanspalast, Fotokulisse, Filmkulisse, Zirkuswagen, Verkaufsr\u00e4der u.v.m.<br \/>\nGr\u00f6\u00dfter deutscher Winter-, Weihnachts- und M\u00e4rchenfundus f\u00fcr Dekorationen und Erlebniswelten. Das XXL-Dekopaket: begehbare Kulissen, Lichtinstallationen, vollplastische lebensgro\u00dfe Figuren, XXL-Plastiken, Skulpturen &#038; Dekoration, Verkaufsst\u00e4nde, Ausstattungen f\u00fcr Weihnachtsm\u00e4rkte, Pferdeschlitten, Stra\u00dfenlaternen bis hin zur Komplettausstattung.<br \/>\n\u2013 Verleih\/ Vermietung\/ mieten\/ Onlineshop\/ Mietshop\/ Mietfundus\/ Mietkatalog mit professionellem Komplettservice inkl. Aufbau\/ Abbau\/ Transport.<\/p>\n","protected":false},"author":1,"featured_media":2690,"parent":0,"menu_order":0,"comment_status":"closed","ping_status":"closed","template":"","meta":{"_et_pb_use_builder":"on","_et_pb_old_content":"","_et_gb_content_width":""},"yoast_head":"<!-- This site is optimized with the Yoast SEO plugin v19.7.1 - https:\/\/yoast.com\/wordpress\/plugins\/seo\/ -->\n<title>Mietshop - Wunderr\u00e4ume<\/title>\n<meta name=\"description\" content=\"Ihr B2B-Vermietpartner im Bereich Corporate Events, Messe, Gala-Veranstaltung, Film &amp; Fernsehen f\u00fcr hochwertiges Design, Dekoration &amp; Ausstattung. Hochwertige filmreife Eventkulissen, M\u00f6bel\/ Mobiliar, Lichtobjekte oder komplette Themenwelten lassen Ihre Veranstaltung einzigartig werden. Einfach mieten &amp; sparen statt produzieren lassen.\" \/>\n<meta name=\"robots\" content=\"index, follow, max-snippet:-1, max-image-preview:large, max-video-preview:-1\" \/>\n<link rel=\"canonical\" href=\"https:\/\/www.wunderraeume.de\/index.php\/mietshop-mietkatalog-fuer-nachhaltige-business-events-veranstaltungsdekoration-buehnendesign-kulissen-themenwelten-mieten\/\" \/>\n<meta property=\"og:locale\" content=\"de_DE\" \/>\n<meta property=\"og:type\" content=\"article\" \/>\n<meta property=\"og:title\" content=\"Mietshop - Wunderr\u00e4ume\" \/>\n<meta property=\"og:description\" content=\"Ihr B2B-Vermietpartner im Bereich Corporate Events, Messe, Gala-Veranstaltung, Film &amp; Fernsehen f\u00fcr hochwertiges Design, Dekoration &amp; Ausstattung. Hochwertige filmreife Eventkulissen, M\u00f6bel\/ Mobiliar, Lichtobjekte oder komplette Themenwelten lassen Ihre Veranstaltung einzigartig werden. Einfach mieten &amp; sparen statt produzieren lassen.\" \/>\n<meta property=\"og:url\" content=\"https:\/\/www.wunderraeume.de\/index.php\/mietshop-mietkatalog-fuer-nachhaltige-business-events-veranstaltungsdekoration-buehnendesign-kulissen-themenwelten-mieten\/\" \/>\n<meta property=\"og:site_name\" content=\"Wunderr\u00e4ume\" \/>\n<meta property=\"article:modified_time\" content=\"2026-03-05T15:29:11+00:00\" \/>\n<meta property=\"og:image\" content=\"https:\/\/www.wunderraeume.de\/wp-content\/uploads\/2022\/07\/04-NEU_Button_Rueckseite_WunderraeumeGmbH.jpg\" \/>\n\t<meta property=\"og:image:width\" content=\"1500\" \/>\n\t<meta property=\"og:image:height\" content=\"1500\" \/>\n\t<meta property=\"og:image:type\" content=\"image\/jpeg\" \/>\n<meta name=\"twitter:card\" content=\"summary_large_image\" \/>\n<meta name=\"twitter:label1\" content=\"Gesch\u00e4tzte Lesezeit\" \/>\n\t<meta name=\"twitter:data1\" content=\"3\u00a0Minuten\" \/>\n<script type=\"application\/ld+json\" class=\"yoast-schema-graph\">{\"@context\":\"https:\/\/schema.org\",\"@graph\":[{\"@type\":\"WebPage\",\"@id\":\"https:\/\/www.wunderraeume.de\/index.php\/mietshop-mietkatalog-fuer-nachhaltige-business-events-veranstaltungsdekoration-buehnendesign-kulissen-themenwelten-mieten\/\",\"url\":\"https:\/\/www.wunderraeume.de\/index.php\/mietshop-mietkatalog-fuer-nachhaltige-business-events-veranstaltungsdekoration-buehnendesign-kulissen-themenwelten-mieten\/\",\"name\":\"Mietshop - Wunderr\u00e4ume\",\"isPartOf\":{\"@id\":\"https:\/\/www.wunderraeume.de\/#website\"},\"datePublished\":\"2022-07-05T13:00:40+00:00\",\"dateModified\":\"2026-03-05T15:29:11+00:00\",\"description\":\"Ihr B2B-Vermietpartner im Bereich Corporate Events, Messe, Gala-Veranstaltung, Film & Fernsehen f\u00fcr hochwertiges Design, Dekoration & Ausstattung. Hochwertige filmreife Eventkulissen, M\u00f6bel\/ Mobiliar, Lichtobjekte oder komplette Themenwelten lassen Ihre Veranstaltung einzigartig werden. Einfach mieten & sparen statt produzieren lassen.\",\"breadcrumb\":{\"@id\":\"https:\/\/www.wunderraeume.de\/index.php\/mietshop-mietkatalog-fuer-nachhaltige-business-events-veranstaltungsdekoration-buehnendesign-kulissen-themenwelten-mieten\/#breadcrumb\"},\"inLanguage\":\"de\",\"potentialAction\":[{\"@type\":\"ReadAction\",\"target\":[\"https:\/\/www.wunderraeume.de\/index.php\/mietshop-mietkatalog-fuer-nachhaltige-business-events-veranstaltungsdekoration-buehnendesign-kulissen-themenwelten-mieten\/\"]}]},{\"@type\":\"BreadcrumbList\",\"@id\":\"https:\/\/www.wunderraeume.de\/index.php\/mietshop-mietkatalog-fuer-nachhaltige-business-events-veranstaltungsdekoration-buehnendesign-kulissen-themenwelten-mieten\/#breadcrumb\",\"itemListElement\":[{\"@type\":\"ListItem\",\"position\":1,\"name\":\"Startseite\",\"item\":\"https:\/\/www.wunderraeume.de\/\"},{\"@type\":\"ListItem\",\"position\":2,\"name\":\"Mietshop\"}]},{\"@type\":\"WebSite\",\"@id\":\"https:\/\/www.wunderraeume.de\/#website\",\"url\":\"https:\/\/www.wunderraeume.de\/\",\"name\":\"Wunderr\u00e4ume\",\"description\":\"Kreation innovativer Themenwelten &amp; Erlebnisformate.\",\"publisher\":{\"@id\":\"https:\/\/www.wunderraeume.de\/#organization\"},\"potentialAction\":[{\"@type\":\"SearchAction\",\"target\":{\"@type\":\"EntryPoint\",\"urlTemplate\":\"https:\/\/www.wunderraeume.de\/?s={search_term_string}\"},\"query-input\":\"required name=search_term_string\"}],\"inLanguage\":\"de\"},{\"@type\":\"Organization\",\"@id\":\"https:\/\/www.wunderraeume.de\/#organization\",\"name\":\"Wunderr\u00e4ume GmbH\",\"url\":\"https:\/\/www.wunderraeume.de\/\",\"sameAs\":[],\"logo\":{\"@type\":\"ImageObject\",\"inLanguage\":\"de\",\"@id\":\"https:\/\/www.wunderraeume.de\/#\/schema\/logo\/image\/\",\"url\":\"https:\/\/www.wunderraeume.de\/wp-content\/uploads\/2022\/07\/Logo-Wunderraeume_Gruen_RGB-Kopie-4.png\",\"contentUrl\":\"https:\/\/www.wunderraeume.de\/wp-content\/uploads\/2022\/07\/Logo-Wunderraeume_Gruen_RGB-Kopie-4.png\",\"width\":2663,\"height\":328,\"caption\":\"Wunderr\u00e4ume GmbH\"},\"image\":{\"@id\":\"https:\/\/www.wunderraeume.de\/#\/schema\/logo\/image\/\"}}]}<\/script>\n<!-- \/ Yoast SEO plugin. -->","yoast_head_json":{"title":"Mietshop - Wunderr\u00e4ume","description":"Ihr B2B-Vermietpartner im Bereich Corporate Events, Messe, Gala-Veranstaltung, Film & Fernsehen f\u00fcr hochwertiges Design, Dekoration & Ausstattung. Hochwertige filmreife Eventkulissen, M\u00f6bel\/ Mobiliar, Lichtobjekte oder komplette Themenwelten lassen Ihre Veranstaltung einzigartig werden. Einfach mieten & sparen statt produzieren lassen.","robots":{"index":"index","follow":"follow","max-snippet":"max-snippet:-1","max-image-preview":"max-image-preview:large","max-video-preview":"max-video-preview:-1"},"canonical":"https:\/\/www.wunderraeume.de\/index.php\/mietshop-mietkatalog-fuer-nachhaltige-business-events-veranstaltungsdekoration-buehnendesign-kulissen-themenwelten-mieten\/","og_locale":"de_DE","og_type":"article","og_title":"Mietshop - Wunderr\u00e4ume","og_description":"Ihr B2B-Vermietpartner im Bereich Corporate Events, Messe, Gala-Veranstaltung, Film & Fernsehen f\u00fcr hochwertiges Design, Dekoration & Ausstattung. Hochwertige filmreife Eventkulissen, M\u00f6bel\/ Mobiliar, Lichtobjekte oder komplette Themenwelten lassen Ihre Veranstaltung einzigartig werden. Einfach mieten & sparen statt produzieren lassen.","og_url":"https:\/\/www.wunderraeume.de\/index.php\/mietshop-mietkatalog-fuer-nachhaltige-business-events-veranstaltungsdekoration-buehnendesign-kulissen-themenwelten-mieten\/","og_site_name":"Wunderr\u00e4ume","article_modified_time":"2026-03-05T15:29:11+00:00","og_image":[{"width":1500,"height":1500,"url":"https:\/\/www.wunderraeume.de\/wp-content\/uploads\/2022\/07\/04-NEU_Button_Rueckseite_WunderraeumeGmbH.jpg","type":"image\/jpeg"}],"twitter_card":"summary_large_image","twitter_misc":{"Gesch\u00e4tzte Lesezeit":"3\u00a0Minuten"},"schema":{"@context":"https:\/\/schema.org","@graph":[{"@type":"WebPage","@id":"https:\/\/www.wunderraeume.de\/index.php\/mietshop-mietkatalog-fuer-nachhaltige-business-events-veranstaltungsdekoration-buehnendesign-kulissen-themenwelten-mieten\/","url":"https:\/\/www.wunderraeume.de\/index.php\/mietshop-mietkatalog-fuer-nachhaltige-business-events-veranstaltungsdekoration-buehnendesign-kulissen-themenwelten-mieten\/","name":"Mietshop - Wunderr\u00e4ume","isPartOf":{"@id":"https:\/\/www.wunderraeume.de\/#website"},"datePublished":"2022-07-05T13:00:40+00:00","dateModified":"2026-03-05T15:29:11+00:00","description":"Ihr B2B-Vermietpartner im Bereich Corporate Events, Messe, Gala-Veranstaltung, Film & Fernsehen f\u00fcr hochwertiges Design, Dekoration & Ausstattung. Hochwertige filmreife Eventkulissen, M\u00f6bel\/ Mobiliar, Lichtobjekte oder komplette Themenwelten lassen Ihre Veranstaltung einzigartig werden. Einfach mieten & sparen statt produzieren lassen.","breadcrumb":{"@id":"https:\/\/www.wunderraeume.de\/index.php\/mietshop-mietkatalog-fuer-nachhaltige-business-events-veranstaltungsdekoration-buehnendesign-kulissen-themenwelten-mieten\/#breadcrumb"},"inLanguage":"de","potentialAction":[{"@type":"ReadAction","target":["https:\/\/www.wunderraeume.de\/index.php\/mietshop-mietkatalog-fuer-nachhaltige-business-events-veranstaltungsdekoration-buehnendesign-kulissen-themenwelten-mieten\/"]}]},{"@type":"BreadcrumbList","@id":"https:\/\/www.wunderraeume.de\/index.php\/mietshop-mietkatalog-fuer-nachhaltige-business-events-veranstaltungsdekoration-buehnendesign-kulissen-themenwelten-mieten\/#breadcrumb","itemListElement":[{"@type":"ListItem","position":1,"name":"Startseite","item":"https:\/\/www.wunderraeume.de\/"},{"@type":"ListItem","position":2,"name":"Mietshop"}]},{"@type":"WebSite","@id":"https:\/\/www.wunderraeume.de\/#website","url":"https:\/\/www.wunderraeume.de\/","name":"Wunderr\u00e4ume","description":"Kreation innovativer Themenwelten &amp; Erlebnisformate.","publisher":{"@id":"https:\/\/www.wunderraeume.de\/#organization"},"potentialAction":[{"@type":"SearchAction","target":{"@type":"EntryPoint","urlTemplate":"https:\/\/www.wunderraeume.de\/?s={search_term_string}"},"query-input":"required name=search_term_string"}],"inLanguage":"de"},{"@type":"Organization","@id":"https:\/\/www.wunderraeume.de\/#organization","name":"Wunderr\u00e4ume GmbH","url":"https:\/\/www.wunderraeume.de\/","sameAs":[],"logo":{"@type":"ImageObject","inLanguage":"de","@id":"https:\/\/www.wunderraeume.de\/#\/schema\/logo\/image\/","url":"https:\/\/www.wunderraeume.de\/wp-content\/uploads\/2022\/07\/Logo-Wunderraeume_Gruen_RGB-Kopie-4.png","contentUrl":"https:\/\/www.wunderraeume.de\/wp-content\/uploads\/2022\/07\/Logo-Wunderraeume_Gruen_RGB-Kopie-4.png","width":2663,"height":328,"caption":"Wunderr\u00e4ume GmbH"},"image":{"@id":"https:\/\/www.wunderraeume.de\/#\/schema\/logo\/image\/"}}]}},"_links":{"self":[{"href":"https:\/\/www.wunderraeume.de\/index.php\/wp-json\/wp\/v2\/pages\/788"}],"collection":[{"href":"https:\/\/www.wunderraeume.de\/index.php\/wp-json\/wp\/v2\/pages"}],"about":[{"href":"https:\/\/www.wunderraeume.de\/index.php\/wp-json\/wp\/v2\/types\/page"}],"author":[{"embeddable":true,"href":"https:\/\/www.wunderraeume.de\/index.php\/wp-json\/wp\/v2\/users\/1"}],"replies":[{"embeddable":true,"href":"https:\/\/www.wunderraeume.de\/index.php\/wp-json\/wp\/v2\/comments?post=788"}],"version-history":[{"count":43,"href":"https:\/\/www.wunderraeume.de\/index.php\/wp-json\/wp\/v2\/pages\/788\/revisions"}],"predecessor-version":[{"id":3887,"href":"https:\/\/www.wunderraeume.de\/index.php\/wp-json\/wp\/v2\/pages\/788\/revisions\/3887"}],"wp:featuredmedia":[{"embeddable":true,"href":"https:\/\/www.wunderraeume.de\/index.php\/wp-json\/wp\/v2\/media\/2690"}],"wp:attachment":[{"href":"https:\/\/www.wunderraeume.de\/index.php\/wp-json\/wp\/v2\/media?parent=788"}],"curies":[{"name":"wp","href":"https:\/\/api.w.org\/{rel}","templated":true}]}}